{"id":20,"date":"2023-03-13T12:48:30","date_gmt":"2023-03-13T10:48:30","guid":{"rendered":"https:\/\/ilmalampoasennus.fi\/blogi\/?page_id=20"},"modified":"2025-07-25T14:05:42","modified_gmt":"2025-07-25T11:05:42","slug":"ilmalampopumpun-asennus","status":"publish","type":"page","link":"https:\/\/ilmalampoasennus.fi\/blogi\/ilmalampopumpun-asennus\/","title":{"rendered":"Ilmal\u00e4mp\u00f6pumpun asennus"},"content":{"rendered":"<h3>Ilmal\u00e4mp\u00f6pumpun asennus<\/h3>\n<p>Ilmal\u00e4mp\u00f6pumpun asennus vaatii kylm\u00e4piirin asennusten osalta kylm\u00e4asentajan ja s\u00e4hk\u00f6t\u00f6iden osalta s\u00e4hk\u00f6asentajan oikeudet. <a href=\"https:\/\/rekisterit.tukes.fi\/toiminnanharjoittajat\">Turvatekniikan keskus, TUKES<\/a>, pit\u00e4\u00e4 listaa <a style=\"pointer-events: none;\" tabindex=\"-1\" href=\"https:\/\/rekisterit.tukes.fi\/toiminnanharjoittajat\" target=\"_blank\" rel=\"noopener noreferrer\">laillistetuista kylm\u00e4aineasentajista \u00a0ja s\u00e4hk\u00f6urakoitsijoista<\/a>. Kylm\u00e4aineita k\u00e4sitelt\u00e4ess\u00e4 oikea toiminta on t\u00e4rke\u00e4\u00e4 ilmal\u00e4mp\u00f6pumpun toiminnan ja takuiden vuoksi. V\u00e4\u00e4rin asennettu laite ei ole takuun piiriss\u00e4 ja pahimmassa tapauksessa <a href=\"https:\/\/yle.fi\/a\/3-5609033\">ilmal\u00e4mp\u00f6pumppu voi <span style=\"text-decoration: underline;\">kuluttaa s\u00e4hk\u00f6\u00e4 enemm\u00e4n<\/span> <\/a>kuin perinteiset s\u00e4hk\u00f6patterit.<\/p>\n<h3>Ilmal\u00e4mp\u00f6pumpun s\u00e4hk\u00f6asennus<\/h3>\n<p>Kuten edell\u00e4 mainittiin, ilmal\u00e4mp\u00f6pumpun s\u00e4hk\u00f6asennuksessa pit\u00e4\u00e4 olla <a href=\"https:\/\/rekisterit.tukes.fi\/toiminnanharjoittajat\">TUKES:n<\/a> lupa. Ilmal\u00e4mp\u00f6pumppujen asennukseen luonnollisesti kuuluu my\u00f6s s\u00e4hk\u00f6asennus, mik\u00e4li asennus tehd\u00e4\u00e4n ns. pistotulppa- asennuksena, kuuluu se jokamiehen oikeuksiin, sen sijaan ohjauskaapelin kytkent\u00e4 kuuluu <a href=\"https:\/\/rekisterit.tukes.fi\/toiminnanharjoittajat\">TUKES:n<\/a> luvan omaavan asentajan kytkent\u00e4\u00e4n, T\u00e4m\u00e4 toimenpide kuuluu aina Ilmal\u00e4mp\u00f6asennus Laineen asennukseen.<\/p>\n<h3>Ilmal\u00e4mp\u00f6pumpun sijoittaminen<\/h3>\n<p>Asennuksessa on syyt\u00e4 huomioida my\u00f6s laitteen sijoittelu &#8211; sek\u00e4 sis\u00e4- ett\u00e4 ulkoyksik\u00f6n kohdalla.<br \/>Sis\u00e4yksik\u00f6n asennuksessa oleellista on huomioida tilan luonnollinen ilmankierto. Toisaalta esteettiset seikat joskus sanelevat sis\u00e4yksik\u00f6n paikan. Ulkoyksik\u00f6n asennuksessa pit\u00e4\u00e4 huomata, ett\u00e4 ulkoyksikk\u00f6 puhaltaa kylm\u00e4\u00e4 ilmaa, joka saattaa haitata l\u00e4hell\u00e4 olevaa kasvillisuutta. Ilmal\u00e4mp\u00f6pumpun tehoa voidaan parantaa asentamalla ulkoyksikk\u00f6 sopivalle seinustalle.<\/p>\n<h3>Ilmal\u00e4mp\u00f6pumpun asennus kest\u00e4\u00e4 muutamia tunteja<\/h3>\n<p>Ilmal\u00e4mp\u00f6pumpun asennusaika on yleens\u00e4 vajaasta nelj\u00e4st\u00e4 tunnista yhteen ty\u00f6p\u00e4iv\u00e4\u00e4n. (Rivi- ja kerrostaloasunnossa ja uusiin omakotitaloihin taajama-alueilla) asentamiseen t\u00e4ytyy yleens\u00e4 olla taloyhti\u00f6n lupa ja ok-taloissa rakennuslupa.<br \/>Helpoimmalla p\u00e4\u00e4see, jos antaa ammattilaisen hoitaa asennuksen alusta loppuun. Asennuksen osuudestahan saa joka tapauksessa osan takaisin kotitalousv\u00e4hennyksen muodossa 2250,00 euroon asti henkil\u00f6lt\u00e4 vuodessa, 4500 kahdelta (2024)<br \/>johon sis\u00e4ltyy 6000,00\u20ac enimm\u00e4ism\u00e4\u00e4r\u00e4 maksetusta ty\u00f6n osuudesta.<\/p>\n<h4 dir=\"ltr\">Lis\u00e4tietoja:<\/h4>\n<ul>\n<li style=\"list-style-type: none;\">\n<ul>\n<li dir=\"ltr\"><a href=\"https:\/\/fi.wikipedia.org\/wiki\/Ilmal%C3%A4mp%C3%B6pumppu\">Wikipedia: Ilmal\u00e4mp\u00f6pumppu<\/a><\/li>\n<li dir=\"ltr\"><a href=\"https:\/\/www.ilmalampopumpunasennus.com\/blogi\/\">Ilmal\u00e4mp\u00f6pumpun asennus -blogi<\/a><\/li>\n<li dir=\"ltr\"><a href=\"https:\/\/tukes.fi\/-\/lampopumpun-saa-asentaa-vain-rekisteroity-asennuslii-1\">TUKES: Ilmal\u00e4mp\u00f6pumpun saa asentaa vain p\u00e4tev\u00e4 kylm\u00e4laiteliike<\/a><\/li>\n<li dir=\"ltr\"><a href=\"https:\/\/www.vero.fi\/henkiloasiakkaat\/vahennykset\/kotitalousvahennys\/kotitalousvahennyslaskuri-2025\/\">Verotus- kotitalousv\u00e4hennyslaskuri<\/a><\/li>\n<\/ul>\n<\/li>\n<\/ul>\n\n\n<p><\/p>\n","protected":false},"excerpt":{"rendered":"<p>Ilmal\u00e4mp\u00f6pumpun asennus Ilmal\u00e4mp\u00f6pumpun asennus vaatii kylm\u00e4piirin asennusten osalta kylm\u00e4asentajan ja s\u00e4hk\u00f6t\u00f6iden osalta s\u00e4hk\u00f6asentajan oikeudet. Turvatekniikan keskus, TUKES, pit\u00e4\u00e4 listaa laillistetuista kylm\u00e4aineasentajista \u00a0ja s\u00e4hk\u00f6urakoitsijoista. Kylm\u00e4aineita k\u00e4sitelt\u00e4ess\u00e4 oikea toiminta on t\u00e4rke\u00e4\u00e4 ilmal\u00e4mp\u00f6pumpun toiminnan ja takuiden vuoksi. V\u00e4\u00e4rin asennettu laite ei ole takuun piiriss\u00e4 ja pahimmassa tapauksessa ilmal\u00e4mp\u00f6pumppu voi kuluttaa s\u00e4hk\u00f6\u00e4 enemm\u00e4n kuin <a class=\"more-link\" href=\"https:\/\/ilmalampoasennus.fi\/blogi\/ilmalampopumpun-asennus\/\">Lue lis\u00e4\u00e4 &#8230;<\/a><\/p>\n","protected":false},"author":3,"featured_media":0,"parent":0,"menu_order":0,"comment_status":"closed","ping_status":"closed","template":"","meta":{"footnotes":""},"yst_prominent_words":[],"class_list":["post-20","page","type-page","status-publish","hentry"],"_links":{"self":[{"href":"https:\/\/ilmalampoasennus.fi\/blogi\/wp-json\/wp\/v2\/pages\/20","targetHints":{"allow":["GET"]}}],"collection":[{"href":"https:\/\/ilmalampoasennus.fi\/blogi\/wp-json\/wp\/v2\/pages"}],"about":[{"href":"https:\/\/ilmalampoasennus.fi\/blogi\/wp-json\/wp\/v2\/types\/page"}],"author":[{"embeddable":true,"href":"https:\/\/ilmalampoasennus.fi\/blogi\/wp-json\/wp\/v2\/users\/3"}],"replies":[{"embeddable":true,"href":"https:\/\/ilmalampoasennus.fi\/blogi\/wp-json\/wp\/v2\/comments?post=20"}],"version-history":[{"count":50,"href":"https:\/\/ilmalampoasennus.fi\/blogi\/wp-json\/wp\/v2\/pages\/20\/revisions"}],"predecessor-version":[{"id":2777,"href":"https:\/\/ilmalampoasennus.fi\/blogi\/wp-json\/wp\/v2\/pages\/20\/revisions\/2777"}],"wp:attachment":[{"href":"https:\/\/ilmalampoasennus.fi\/blogi\/wp-json\/wp\/v2\/media?parent=20"}],"wp:term":[{"taxonomy":"yst_prominent_words","embeddable":true,"href":"https:\/\/ilmalampoasennus.fi\/blogi\/wp-json\/wp\/v2\/yst_prominent_words?post=20"}],"curies":[{"name":"wp","href":"https:\/\/api.w.org\/{rel}","templated":true}]}}