{"id":2901,"date":"2025-12-09T12:30:13","date_gmt":"2025-12-09T10:30:13","guid":{"rendered":"https:\/\/ilmalampoasennus.fi\/blogi\/?page_id=2901"},"modified":"2025-12-09T21:11:49","modified_gmt":"2025-12-09T19:11:49","slug":"blogi","status":"publish","type":"page","link":"https:\/\/ilmalampoasennus.fi\/blogi\/blogi\/","title":{"rendered":"Etusivu"},"content":{"rendered":"\n<p class=\"has-normal-font-size\">T\u00e4\u00e4lt\u00e4 l\u00f6yd\u00e4t useisiin kysymyksiisi vastauksen, koskien ilmal\u00e4mp\u00f6pumppuja ja niiden ostoon ja asennukseen vaikuttavia tekij\u00f6it\u00e4.<\/p>\n\n\n\n<p><\/p>\n","protected":false},"excerpt":{"rendered":"<p>T\u00e4\u00e4lt\u00e4 l\u00f6yd\u00e4t useisiin kysymyksiisi vastauksen, koskien ilmal\u00e4mp\u00f6pumppuja ja niiden ostoon ja asennukseen vaikuttavia tekij\u00f6it\u00e4.<\/p>\n","protected":false},"author":3,"featured_media":0,"parent":0,"menu_order":0,"comment_status":"closed","ping_status":"closed","template":"","meta":{"footnotes":""},"yst_prominent_words":[],"class_list":["post-2901","page","type-page","status-publish","hentry"],"_links":{"self":[{"href":"https:\/\/ilmalampoasennus.fi\/blogi\/wp-json\/wp\/v2\/pages\/2901","targetHints":{"allow":["GET"]}}],"collection":[{"href":"https:\/\/ilmalampoasennus.fi\/blogi\/wp-json\/wp\/v2\/pages"}],"about":[{"href":"https:\/\/ilmalampoasennus.fi\/blogi\/wp-json\/wp\/v2\/types\/page"}],"author":[{"embeddable":true,"href":"https:\/\/ilmalampoasennus.fi\/blogi\/wp-json\/wp\/v2\/users\/3"}],"replies":[{"embeddable":true,"href":"https:\/\/ilmalampoasennus.fi\/blogi\/wp-json\/wp\/v2\/comments?post=2901"}],"version-history":[{"count":6,"href":"https:\/\/ilmalampoasennus.fi\/blogi\/wp-json\/wp\/v2\/pages\/2901\/revisions"}],"predecessor-version":[{"id":2941,"href":"https:\/\/ilmalampoasennus.fi\/blogi\/wp-json\/wp\/v2\/pages\/2901\/revisions\/2941"}],"wp:attachment":[{"href":"https:\/\/ilmalampoasennus.fi\/blogi\/wp-json\/wp\/v2\/media?parent=2901"}],"wp:term":[{"taxonomy":"yst_prominent_words","embeddable":true,"href":"https:\/\/ilmalampoasennus.fi\/blogi\/wp-json\/wp\/v2\/yst_prominent_words?post=2901"}],"curies":[{"name":"wp","href":"https:\/\/api.w.org\/{rel}","templated":true}]}}