{"id":35,"date":"2020-12-13T09:31:00","date_gmt":"2020-12-13T07:31:00","guid":{"rendered":"https:\/\/ilmalampoasennus.fi\/blogi\/?page_id=35"},"modified":"2023-03-22T10:33:46","modified_gmt":"2023-03-22T08:33:46","slug":"pyyda-arviointi","status":"publish","type":"page","link":"https:\/\/ilmalampoasennus.fi\/blogi\/pyyda-arviointi\/","title":{"rendered":"Ilmal\u00e4mp\u00f6pumppuopas"},"content":{"rendered":"<p dir=\"ltr\">Tekninen arviointi tehd\u00e4\u00e4n asiakkaan antamin tiedoin. Voit l\u00e4hett\u00e4\u00e4 alustavat tiedot alla olevalla lomakkeella. Asentaja pyyt\u00e4\u00e4 tarvittaessa lis\u00e4tietoja puhelimitse tai s\u00e4hk\u00f6postitse.<\/p>\n<p>Arvioinnissa kartoitetaan l\u00e4mmityksen tarve, valitaan paras paikka ilmal\u00e4mp\u00f6pumpulle &#8211; asiakkaan toiveet, l\u00e4mmitysteho ja esteettiset seikat huomioiden.<\/p>\n<p>Arvion perusteella saat yksil\u00f6idyn tarjouksen ilmal\u00e4mp\u00f6pumpun ja asennuksen hinnasta.<\/p>\n<h5 dir=\"ltr\">Huom! Tarvittaessa tekninen arviointi tehd\u00e4\u00e4n asennuspaikalla erillisell\u00e4 ilmaisella arviointik\u00e4ynnill\u00e4.<\/h5>\n<p dir=\"ltr\">P.S. Tilatessasi teknisen arvioinnin saat s\u00e4hk\u00f6postiisi 28-sivuisen ilmal\u00e4mp\u00f6pumpun ostajan oppaan.<\/p>\n<h3 dir=\"ltr\">Pyyd\u00e4 arviointi<\/h3>\n\n<div class=\"wpcf7 no-js\" id=\"wpcf7-f32-o1\" lang=\"en-US\" dir=\"ltr\" data-wpcf7-id=\"32\">\n<div class=\"screen-reader-response\"><p role=\"status\" aria-live=\"polite\" aria-atomic=\"true\"><\/p> <ul><\/ul><\/div>\n<form action=\"\/blogi\/wp-json\/wp\/v2\/pages\/35#wpcf7-f32-o1\" method=\"post\" class=\"wpcf7-form init\" aria-label=\"Contact form\" novalidate=\"novalidate\" data-status=\"init\">\n<fieldset class=\"hidden-fields-container\"><input type=\"hidden\" name=\"_wpcf7\" value=\"32\" \/><input type=\"hidden\" name=\"_wpcf7_version\" value=\"6.1.5\" \/><input type=\"hidden\" name=\"_wpcf7_locale\" value=\"en_US\" \/><input type=\"hidden\" name=\"_wpcf7_unit_tag\" value=\"wpcf7-f32-o1\" \/><input type=\"hidden\" name=\"_wpcf7_container_post\" value=\"0\" \/><input type=\"hidden\" name=\"_wpcf7_posted_data_hash\" value=\"\" \/>\n<\/fieldset>\n<p>Nimi\n<\/p>\n<p><span class=\"wpcf7-form-control-wrap\" data-name=\"your-name\"><input size=\"44\" maxlength=\"400\" class=\"wpcf7-form-control wpcf7-text wpcf7-validates-as-required\" aria-required=\"true\" aria-invalid=\"false\" value=\"\" type=\"text\" name=\"your-name\" \/><\/span>\n<\/p>\n<p>S\u00e4hk\u00f6posti\n<\/p>\n<p><span class=\"wpcf7-form-control-wrap\" data-name=\"your-email\"><input size=\"44\" maxlength=\"400\" class=\"wpcf7-form-control wpcf7-email wpcf7-validates-as-required wpcf7-text wpcf7-validates-as-email\" aria-required=\"true\" aria-invalid=\"false\" value=\"\" type=\"email\" name=\"your-email\" \/><\/span>\n<\/p>\n<p>Puhelinnumero\n<\/p>\n<p><span class=\"wpcf7-form-control-wrap\" data-name=\"your-phone\"><input size=\"44\" maxlength=\"400\" class=\"wpcf7-form-control wpcf7-text wpcf7-validates-as-required\" aria-required=\"true\" aria-invalid=\"false\" value=\"\" type=\"text\" name=\"your-phone\" \/><\/span>\n<\/p>\n<p>Postiosoite\n<\/p>\n<p><span class=\"wpcf7-form-control-wrap\" data-name=\"your-address\"><input size=\"44\" maxlength=\"400\" class=\"wpcf7-form-control wpcf7-text\" aria-invalid=\"false\" value=\"\" type=\"text\" name=\"your-address\" \/><\/span>\n<\/p>\n<p>Postinumero\n<\/p>\n<p><span class=\"wpcf7-form-control-wrap\" data-name=\"your-zipcode\"><input size=\"44\" maxlength=\"400\" class=\"wpcf7-form-control wpcf7-text\" aria-invalid=\"false\" value=\"\" type=\"text\" name=\"your-zipcode\" \/><\/span>\n<\/p>\n<p>Postitoimipaikka\n<\/p>\n<p><span class=\"wpcf7-form-control-wrap\" data-name=\"your-city\"><input size=\"44\" maxlength=\"400\" class=\"wpcf7-form-control wpcf7-text\" aria-invalid=\"false\" value=\"\" type=\"text\" name=\"your-city\" \/><\/span>\n<\/p>\n<p>Maa\n<\/p>\n<p><span class=\"wpcf7-form-control-wrap\" data-name=\"quiz-854\"><label><span class=\"wpcf7-quiz-label\"><\/span> <input size=\"44\" class=\"wpcf7-form-control wpcf7-quiz\" autocomplete=\"off\" aria-required=\"true\" aria-invalid=\"false\" type=\"text\" name=\"quiz-854\" \/><\/label><input type=\"hidden\" name=\"_wpcf7_quiz_answer_quiz-854\" value=\"699df3b796bf817c587f910895e41e04\" \/><\/span>\n<\/p>\n<p>Viesti\n<\/p>\n<p><span class=\"wpcf7-form-control-wrap\" data-name=\"your-message\"><textarea cols=\"40\" rows=\"10\" maxlength=\"2000\" class=\"wpcf7-form-control wpcf7-textarea\" aria-invalid=\"false\" name=\"your-message\"><\/textarea><\/span>\n<\/p>\n<h4>Asennusosoite, jos eri kuin kotiosoite (esim. kes\u00e4m\u00f6kki)\n<\/h4>\n<p>Postiosoite\n<\/p>\n<p><span class=\"wpcf7-form-control-wrap\" data-name=\"your-address2\"><input size=\"45\" maxlength=\"400\" class=\"wpcf7-form-control wpcf7-text\" aria-invalid=\"false\" value=\"\" type=\"text\" name=\"your-address2\" \/><\/span>\n<\/p>\n<p>Postinumero\n<\/p>\n<p><span class=\"wpcf7-form-control-wrap\" data-name=\"your-zipcode2\"><input size=\"45\" maxlength=\"400\" class=\"wpcf7-form-control wpcf7-text\" aria-invalid=\"false\" value=\"\" type=\"text\" name=\"your-zipcode2\" \/><\/span>\n<\/p>\n<p>Postitoimipaikka\n<\/p>\n<p><span class=\"wpcf7-form-control-wrap\" data-name=\"your-city2\"><input size=\"45\" maxlength=\"400\" class=\"wpcf7-form-control wpcf7-text\" aria-invalid=\"false\" value=\"\" type=\"text\" name=\"your-city2\" \/><\/span>\n<\/p>\n<p><input class=\"wpcf7-form-control wpcf7-submit has-spinner\" type=\"submit\" value=\"Tilaa\" \/>\n<\/p><p style=\"display: none !important;\" class=\"akismet-fields-container\" data-prefix=\"_wpcf7_ak_\"><label>&#916;<textarea name=\"_wpcf7_ak_hp_textarea\" cols=\"45\" rows=\"8\" maxlength=\"100\"><\/textarea><\/label><input type=\"hidden\" id=\"ak_js_1\" name=\"_wpcf7_ak_js\" value=\"0\"\/><script>document.getElementById( \"ak_js_1\" ).setAttribute( \"value\", ( new Date() ).getTime() );<\/script><\/p><div class=\"wpcf7-response-output\" aria-hidden=\"true\"><\/div>\n<\/form>\n<\/div>\n\n","protected":false},"excerpt":{"rendered":"<p>Tekninen arviointi tehd\u00e4\u00e4n asiakkaan antamin tiedoin. Voit l\u00e4hett\u00e4\u00e4 alustavat tiedot alla olevalla lomakkeella. Asentaja pyyt\u00e4\u00e4 tarvittaessa lis\u00e4tietoja puhelimitse tai s\u00e4hk\u00f6postitse. Arvioinnissa kartoitetaan l\u00e4mmityksen tarve, valitaan paras paikka ilmal\u00e4mp\u00f6pumpulle &#8211; asiakkaan toiveet, l\u00e4mmitysteho ja esteettiset seikat huomioiden. Arvion perusteella saat yksil\u00f6idyn tarjouksen ilmal\u00e4mp\u00f6pumpun ja asennuksen hinnasta. Huom! Tarvittaessa tekninen arviointi tehd\u00e4\u00e4n <a class=\"more-link\" href=\"https:\/\/ilmalampoasennus.fi\/blogi\/pyyda-arviointi\/\">Lue lis\u00e4\u00e4 &#8230;<\/a><\/p>\n","protected":false},"author":3,"featured_media":0,"parent":0,"menu_order":0,"comment_status":"closed","ping_status":"closed","template":"","meta":{"footnotes":""},"yst_prominent_words":[],"class_list":["post-35","page","type-page","status-publish","hentry"],"_links":{"self":[{"href":"https:\/\/ilmalampoasennus.fi\/blogi\/wp-json\/wp\/v2\/pages\/35","targetHints":{"allow":["GET"]}}],"collection":[{"href":"https:\/\/ilmalampoasennus.fi\/blogi\/wp-json\/wp\/v2\/pages"}],"about":[{"href":"https:\/\/ilmalampoasennus.fi\/blogi\/wp-json\/wp\/v2\/types\/page"}],"author":[{"embeddable":true,"href":"https:\/\/ilmalampoasennus.fi\/blogi\/wp-json\/wp\/v2\/users\/3"}],"replies":[{"embeddable":true,"href":"https:\/\/ilmalampoasennus.fi\/blogi\/wp-json\/wp\/v2\/comments?post=35"}],"version-history":[{"count":11,"href":"https:\/\/ilmalampoasennus.fi\/blogi\/wp-json\/wp\/v2\/pages\/35\/revisions"}],"predecessor-version":[{"id":2049,"href":"https:\/\/ilmalampoasennus.fi\/blogi\/wp-json\/wp\/v2\/pages\/35\/revisions\/2049"}],"wp:attachment":[{"href":"https:\/\/ilmalampoasennus.fi\/blogi\/wp-json\/wp\/v2\/media?parent=35"}],"wp:term":[{"taxonomy":"yst_prominent_words","embeddable":true,"href":"https:\/\/ilmalampoasennus.fi\/blogi\/wp-json\/wp\/v2\/yst_prominent_words?post=35"}],"curies":[{"name":"wp","href":"https:\/\/api.w.org\/{rel}","templated":true}]}}