{"id":70,"date":"2012-12-13T11:00:19","date_gmt":"2012-12-13T09:00:19","guid":{"rendered":"https:\/\/ilmalampoasennus.fi\/blogi\/?page_id=70"},"modified":"2025-06-03T11:43:23","modified_gmt":"2025-06-03T08:43:23","slug":"sahkoasennukset-ja-sahkosuunnitelmat","status":"publish","type":"page","link":"https:\/\/ilmalampoasennus.fi\/blogi\/sahkoasennukset-ja-sahkosuunnitelmat\/","title":{"rendered":"S\u00e4hk\u00f6asennukset ja s\u00e4hk\u00f6suunnitelmat"},"content":{"rendered":"<h3>S\u00e4hk\u00f6asennuksia ja suunnitelmia<\/h3>\n<p>Teen s\u00e4hk\u00f6asennuksia ja s\u00e4hk\u00f6suunnitelmia sek\u00e4 kotitalouksiin ett\u00e4 teollisuudelle. S\u00e4hk\u00f6 on v\u00e4ltt\u00e4m\u00e4t\u00f6n osa toimivaa ja nykyaikaista rakentamista. Siksi ei ole sama, miten s\u00e4hk\u00f6t\u00f6it\u00e4 suunnitellaan ja tehd\u00e4\u00e4n.<\/p>\n<p>L\u00e4hes kaikki s\u00e4hk\u00f6ty\u00f6t pit\u00e4\u00e4 teett\u00e4\u00e4 asianmukaisella yrityksell\u00e4,\u00a0<strong>Ilmal\u00e4mp\u00f6asennus Laineella<\/strong> on vuosien kokemus alalta.<\/p>\n<p><strong>Kodin s\u00e4hk\u00f6ty\u00f6t<\/strong> ovat t\u00e4rke\u00e4ss\u00e4 roolissa, kun pohditaan viihtyvyytt\u00e4 ja esteettisi\u00e4 arvoja. S\u00e4hk\u00f6suunnittelu on syyt\u00e4 tehd\u00e4 alusta asti kiinte\u00e4n\u00e4 osana uudisrakentamista, mutta ulkon\u00e4\u00f6lliset seikat ja luovuus ovat t\u00e4rkeit\u00e4 asioita, kun saneerataan vanhaa. Vanhassa joudutaan ottamaan huomioon olemassa olevat rakenteet ja v\u00e4lill\u00e4 jopa esteet. Osaava asentaja ei kuitenkaan pienist\u00e4 s\u00e4ik\u00e4hd\u00e4 ja sellaista ongelmaa ei ole olemassakaan, johon ei ole olemassa my\u00f6s ratkaisua.<\/p>\n<p><strong>Teollisuudessa<\/strong> estetiikka ei aina ole oleellisin osa s\u00e4hk\u00f6istyst\u00e4. Silloin kiinnitet\u00e4\u00e4n huomio kest\u00e4vyyteen ja toimivuuteen. S\u00e4hk\u00f6ty\u00f6t on silloin tehty hyvin, kun niihin ei tarvitse kiinnitt\u00e4\u00e4 k\u00e4yt\u00f6ss\u00e4 erityist\u00e4 huomiota.<\/p>\n<h3 dir=\"ltr\">Ota yhteytt\u00e4 ja tilaa s\u00e4hk\u00f6asentaja<\/h3>\n<p>Tilaa s\u00e4hk\u00f6suunnitelmat ja s\u00e4hk\u00f6asennukset. Teen asennukset ja suunnitelmat 30 vuoden kokemuksella.<br \/>\nOlen <a href=\"http:\/\/rekisterit.tukes.fi\/fi\/Urakoitsijat\/Toiminnanharjoittajat\/\" target=\"_blank\" rel=\"noopener noreferrer\">Turvatekniikan keskuksen<\/a> (TUKES) laillistama s\u00e4hk\u00f6urakoitsija.<\/p>\n<p>Tarvitsetpa tekij\u00e4\u00e4 isompaan tai pienemp\u00e4\u00e4 s\u00e4hk\u00f6asennusurakkaan tai s\u00e4hk\u00f6suunnittelua ja piirustuksia, ota yhteytt\u00e4 niin keskustellaan lis\u00e4\u00e4.<\/p>\n","protected":false},"excerpt":{"rendered":"<p>S\u00e4hk\u00f6asennuksia ja suunnitelmia Teen s\u00e4hk\u00f6asennuksia ja s\u00e4hk\u00f6suunnitelmia sek\u00e4 kotitalouksiin ett\u00e4 teollisuudelle. S\u00e4hk\u00f6 on v\u00e4ltt\u00e4m\u00e4t\u00f6n osa toimivaa ja nykyaikaista rakentamista. Siksi ei ole sama, miten s\u00e4hk\u00f6t\u00f6it\u00e4 suunnitellaan ja tehd\u00e4\u00e4n. L\u00e4hes kaikki s\u00e4hk\u00f6ty\u00f6t pit\u00e4\u00e4 teett\u00e4\u00e4 asianmukaisella yrityksell\u00e4,\u00a0Ilmal\u00e4mp\u00f6asennus Laineella on vuosien kokemus alalta. Kodin s\u00e4hk\u00f6ty\u00f6t ovat t\u00e4rke\u00e4ss\u00e4 roolissa, kun pohditaan viihtyvyytt\u00e4 ja esteettisi\u00e4 <a class=\"more-link\" href=\"https:\/\/ilmalampoasennus.fi\/blogi\/sahkoasennukset-ja-sahkosuunnitelmat\/\">Lue lis\u00e4\u00e4 &#8230;<\/a><\/p>\n","protected":false},"author":3,"featured_media":0,"parent":0,"menu_order":0,"comment_status":"open","ping_status":"open","template":"","meta":{"footnotes":""},"yst_prominent_words":[],"class_list":["post-70","page","type-page","status-publish","hentry"],"_links":{"self":[{"href":"https:\/\/ilmalampoasennus.fi\/blogi\/wp-json\/wp\/v2\/pages\/70","targetHints":{"allow":["GET"]}}],"collection":[{"href":"https:\/\/ilmalampoasennus.fi\/blogi\/wp-json\/wp\/v2\/pages"}],"about":[{"href":"https:\/\/ilmalampoasennus.fi\/blogi\/wp-json\/wp\/v2\/types\/page"}],"author":[{"embeddable":true,"href":"https:\/\/ilmalampoasennus.fi\/blogi\/wp-json\/wp\/v2\/users\/3"}],"replies":[{"embeddable":true,"href":"https:\/\/ilmalampoasennus.fi\/blogi\/wp-json\/wp\/v2\/comments?post=70"}],"version-history":[{"count":9,"href":"https:\/\/ilmalampoasennus.fi\/blogi\/wp-json\/wp\/v2\/pages\/70\/revisions"}],"predecessor-version":[{"id":2739,"href":"https:\/\/ilmalampoasennus.fi\/blogi\/wp-json\/wp\/v2\/pages\/70\/revisions\/2739"}],"wp:attachment":[{"href":"https:\/\/ilmalampoasennus.fi\/blogi\/wp-json\/wp\/v2\/media?parent=70"}],"wp:term":[{"taxonomy":"yst_prominent_words","embeddable":true,"href":"https:\/\/ilmalampoasennus.fi\/blogi\/wp-json\/wp\/v2\/yst_prominent_words?post=70"}],"curies":[{"name":"wp","href":"https:\/\/api.w.org\/{rel}","templated":true}]}}