{"id":930,"date":"2018-06-12T08:30:33","date_gmt":"2018-06-12T05:30:33","guid":{"rendered":"https:\/\/ilmalampoasennus.fi\/blogi\/?page_id=930"},"modified":"2020-09-11T12:08:17","modified_gmt":"2020-09-11T09:08:17","slug":"ilmalampopumppu-lisaa-paloturvallisuutta","status":"publish","type":"page","link":"https:\/\/ilmalampoasennus.fi\/blogi\/ilmalampopumppu-lisaa-paloturvallisuutta\/","title":{"rendered":"Ilmal\u00e4mp\u00f6pumppu lis\u00e4\u00e4 paloturvallisuutta"},"content":{"rendered":"<h4>Ilmal\u00e4mp\u00f6pumppu lis\u00e4\u00e4 huomattavasti asuinkiint\u00f6ist\u00f6jen paloturvallisuutta<\/h4>\n<p>On ollut ja on paljon puhetta s\u00e4hk\u00f6laitteiden paloturvallisuudesta,<br \/>\nkuitenkin olemme usein saaneet lukea vanhempien kohteiden osalta tulipalojen l\u00e4hteeksi l\u00e4mmitykseen liittyviksi paloiksi.<br \/>\nIlmal\u00e4mp\u00f6pumppu ei tiet\u00e4\u00e4kseni ole ollut yhdenk\u00e4\u00e4n tulipalon aiheuttaja,<br \/>\njoten voidaan hyvinkin hyv\u00e4ll\u00e4 syyll\u00e4 todeta ilmal\u00e4mp\u00f6pumput eritt\u00e4in paloturvallisiksi s\u00e4hk\u00f6laitteiksi. Ilmal\u00e4mp\u00f6pumput on testattu Tukesin VTT:n toimesta, joten voinemme kaikki todeta ilmal\u00e4mp\u00f6pumput eritt\u00e4in hyviksi ja turvallisiksi l\u00e4mmityslaitteiksi.<\/p>\n<h4>P\u00f6ly suuri tekij\u00e4 l\u00e4mp\u00f6pattereiden palamisherkkyyteen<\/h4>\n<p>P\u00f6ly syttyy palamaan r\u00e4h\u00e4hdysm\u00e4isesti ja on varmasti suurin syy pattereiden palamisherkkyyteen.<br \/>\nIlmal\u00e4mp\u00f6pumpussa ei p\u00f6ly aiheuta mutta kuin ehk\u00e4 tunkkaisentuntuisen hajun,<br \/>\nilmal\u00e4mp\u00f6pumppu on suunniteltu niin turvalliseksi, kuin l\u00e4mmitysmuoto n\u00e4kyv\u00e4ll\u00e4 l\u00e4mmityslaitteella voi olla.<\/p>\n<h4>ilmal\u00e4mp\u00f6pumppu jopa lis\u00e4\u00e4 paloturvallisuutta<\/h4>\n<p>Ilmal\u00e4mp\u00f6pumppu ker\u00e4\u00e4 turvallisesti p\u00f6lyhiukkasia huoneilmasta suodattimiin,<br \/>\njoten ker\u00e4tty p\u00f6ly ei p\u00e4\u00e4se l\u00e4mmityspattereihin ja n\u00e4inollen v\u00e4hent\u00e4\u00e4 paloriski\u00e4 huomattavasti.<br \/>\nIlmal\u00e4mp\u00f6pumpun kehitt\u00e4m\u00e4 kuumakaasu, mik\u00e4 kuljettaa l\u00e4mp\u00f6\u00e4 ulkoa sis\u00e4lle ja on l\u00e4mp\u00f6tilaltaan noin 40-65 asteista,<br \/>\neik\u00e4 ole todettu viel\u00e4 tavallisten materiaalien syttymisl\u00e4mp\u00f6tilaksi,<br \/>\nmm. <a href=\"https:\/\/www.puuinfo.fi\/puutieto\/puu-materiaalina\/paloteknisi\u00e4-ominaisuuksia\">puun syttymisl\u00e4mp\u00f6tila<\/a> on 250-300 astetta<\/p>\n","protected":false},"excerpt":{"rendered":"<p>Ilmal\u00e4mp\u00f6pumppu lis\u00e4\u00e4 huomattavasti asuinkiint\u00f6ist\u00f6jen paloturvallisuutta On ollut ja on paljon puhetta s\u00e4hk\u00f6laitteiden paloturvallisuudesta, kuitenkin olemme usein saaneet lukea vanhempien kohteiden osalta tulipalojen l\u00e4hteeksi l\u00e4mmitykseen liittyviksi paloiksi. Ilmal\u00e4mp\u00f6pumppu ei tiet\u00e4\u00e4kseni ole ollut yhdenk\u00e4\u00e4n tulipalon aiheuttaja, joten voidaan hyvinkin hyv\u00e4ll\u00e4 syyll\u00e4 todeta ilmal\u00e4mp\u00f6pumput eritt\u00e4in paloturvallisiksi s\u00e4hk\u00f6laitteiksi. Ilmal\u00e4mp\u00f6pumput on testattu Tukesin VTT:n toimesta, <a class=\"more-link\" href=\"https:\/\/ilmalampoasennus.fi\/blogi\/ilmalampopumppu-lisaa-paloturvallisuutta\/\">Lue lis\u00e4\u00e4 &#8230;<\/a><\/p>\n","protected":false},"author":3,"featured_media":0,"parent":0,"menu_order":0,"comment_status":"closed","ping_status":"closed","template":"","meta":{"footnotes":""},"yst_prominent_words":[],"class_list":["post-930","page","type-page","status-publish","hentry"],"_links":{"self":[{"href":"https:\/\/ilmalampoasennus.fi\/blogi\/wp-json\/wp\/v2\/pages\/930","targetHints":{"allow":["GET"]}}],"collection":[{"href":"https:\/\/ilmalampoasennus.fi\/blogi\/wp-json\/wp\/v2\/pages"}],"about":[{"href":"https:\/\/ilmalampoasennus.fi\/blogi\/wp-json\/wp\/v2\/types\/page"}],"author":[{"embeddable":true,"href":"https:\/\/ilmalampoasennus.fi\/blogi\/wp-json\/wp\/v2\/users\/3"}],"replies":[{"embeddable":true,"href":"https:\/\/ilmalampoasennus.fi\/blogi\/wp-json\/wp\/v2\/comments?post=930"}],"version-history":[{"count":3,"href":"https:\/\/ilmalampoasennus.fi\/blogi\/wp-json\/wp\/v2\/pages\/930\/revisions"}],"predecessor-version":[{"id":1251,"href":"https:\/\/ilmalampoasennus.fi\/blogi\/wp-json\/wp\/v2\/pages\/930\/revisions\/1251"}],"wp:attachment":[{"href":"https:\/\/ilmalampoasennus.fi\/blogi\/wp-json\/wp\/v2\/media?parent=930"}],"wp:term":[{"taxonomy":"yst_prominent_words","embeddable":true,"href":"https:\/\/ilmalampoasennus.fi\/blogi\/wp-json\/wp\/v2\/yst_prominent_words?post=930"}],"curies":[{"name":"wp","href":"https:\/\/api.w.org\/{rel}","templated":true}]}}